{"id":762,"date":"2020-10-30T15:57:15","date_gmt":"2020-10-30T14:57:15","guid":{"rendered":"https:\/\/boutique.ideesdecoathome.com\/?page_id=762"},"modified":"2020-10-30T16:32:52","modified_gmt":"2020-10-30T15:32:52","slug":"contact","status":"publish","type":"page","link":"https:\/\/boutique.ideesdecoathome.com\/index.php\/contact\/","title":{"rendered":"Contact"},"content":{"rendered":"\n<p>Id\u00e9es D\u00e9co At Home &#8211; 27 Boulevard Andr\u00e9 Malraux &#8211; 78480 Verneuil sur Seine<br>ingrid.vdg@free.fr<br>06 12 26 75 45<\/p>\n","protected":false},"excerpt":{"rendered":"<p>Id\u00e9es D\u00e9co At Home &#8211; 27 Boulevard Andr\u00e9 Malraux &#8211; 78480 Verneuil sur Seineingrid.vdg@free.fr06 12 26 75 45<\/p>\n","protected":false},"author":1,"featured_media":765,"parent":0,"menu_order":0,"comment_status":"closed","ping_status":"closed","template":"","meta":[],"_links":{"self":[{"href":"https:\/\/boutique.ideesdecoathome.com\/index.php\/wp-json\/wp\/v2\/pages\/762"}],"collection":[{"href":"https:\/\/boutique.ideesdecoathome.com\/index.php\/wp-json\/wp\/v2\/pages"}],"about":[{"href":"https:\/\/boutique.ideesdecoathome.com\/index.php\/wp-json\/wp\/v2\/types\/page"}],"author":[{"embeddable":true,"href":"https:\/\/boutique.ideesdecoathome.com\/index.php\/wp-json\/wp\/v2\/users\/1"}],"replies":[{"embeddable":true,"href":"https:\/\/boutique.ideesdecoathome.com\/index.php\/wp-json\/wp\/v2\/comments?post=762"}],"version-history":[{"count":1,"href":"https:\/\/boutique.ideesdecoathome.com\/index.php\/wp-json\/wp\/v2\/pages\/762\/revisions"}],"predecessor-version":[{"id":763,"href":"https:\/\/boutique.ideesdecoathome.com\/index.php\/wp-json\/wp\/v2\/pages\/762\/revisions\/763"}],"wp:featuredmedia":[{"embeddable":true,"href":"https:\/\/boutique.ideesdecoathome.com\/index.php\/wp-json\/wp\/v2\/media\/765"}],"wp:attachment":[{"href":"https:\/\/boutique.ideesdecoathome.com\/index.php\/wp-json\/wp\/v2\/media?parent=762"}],"curies":[{"name":"wp","href":"https:\/\/api.w.org\/{rel}","templated":true}]}}