{"id":4,"date":"2018-10-25T15:17:49","date_gmt":"2018-10-25T13:17:49","guid":{"rendered":"http:\/\/boutique.ideesdecoathome.com\/index.php\/boutique\/"},"modified":"2024-04-16T17:39:28","modified_gmt":"2024-04-16T15:39:28","slug":"boutique","status":"publish","type":"page","link":"https:\/\/boutique.ideesdecoathome.com\/","title":{"rendered":"titre"},"content":{"rendered":"\n<div class=\"wp-block-group\"><div class=\"wp-block-group__inner-container\">\n<div class=\"wp-block-group\"><div class=\"wp-block-group__inner-container\">\n<div class=\"wp-block-columns are-vertically-aligned-center\">\n<div class=\"wp-block-column is-vertically-aligned-center\" style=\"flex-basis:100%\">\n<div class=\"wp-block-media-text alignwide is-stacked-on-mobile\"><figure class=\"wp-block-media-text__media\"><img loading=\"lazy\" width=\"1024\" height=\"1024\" src=\"https:\/\/boutique.ideesdecoathome.com\/wp-content\/uploads\/2024\/04\/montage1-1024x1024-1-1024x1024.jpg\" alt=\"\" class=\"wp-image-32175 size-full\" srcset=\"https:\/\/boutique.ideesdecoathome.com\/wp-content\/uploads\/2024\/04\/montage1-1024x1024-1.jpg 1024w, https:\/\/boutique.ideesdecoathome.com\/wp-content\/uploads\/2024\/04\/montage1-1024x1024-1-300x300.jpg 300w, https:\/\/boutique.ideesdecoathome.com\/wp-content\/uploads\/2024\/04\/montage1-1024x1024-1-150x150.jpg 150w, https:\/\/boutique.ideesdecoathome.com\/wp-content\/uploads\/2024\/04\/montage1-1024x1024-1-768x768.jpg 768w, https:\/\/boutique.ideesdecoathome.com\/wp-content\/uploads\/2024\/04\/montage1-1024x1024-1-100x100.jpg 100w\" sizes=\"(max-width: 767px) 89vw, (max-width: 1000px) 54vw, (max-width: 1071px) 543px, 580px\" \/><\/figure><div class=\"wp-block-media-text__content\">\n<p id=\"block-6cb82bc1-2726-4796-8c61-f6bf8636c0f1\">Cr\u00e9\u00e9 en 2015, notre concept store vous propose <strong>de la d\u00e9coration, des v\u00eatements, des bijoux, des accessoires, des senteurs<\/strong>&#8230; Tout pour se faire plaisir ou faire plaisir !<\/p>\n\n\n\n<p id=\"block-e749e79e-5289-4de0-b20a-df8e39b751bf\">Nous avons \u00e9galement cr\u00e9\u00e9 un <strong>G\u00eete Urbain, de 3 chambres ind\u00e9pendantes, <\/strong>chacune avec leurs sanitaires.<\/p>\n\n\n\n<p id=\"block-45b1e7cc-af21-4a85-b6bb-94aa2e18167a\">La boutique fait aussi <strong>salon de th\u00e9<\/strong>.<br>Nous vous accueillons du <strong>mardi au samedi de 10h \u00e0 19h<\/strong>. <strong>Le dimanche de 10h \u00e0 12h30.<\/strong><br>27 bd. Andr\u00e9 Malraux &#8211; 78480 Verneuil sur Seine<br>06 12 26 75 45<\/p>\n<\/div><\/div>\n<\/div>\n<\/div>\n<\/div><\/div>\n<\/div><\/div>\n\n\n\n<p class=\"has-text-align-center\"><\/p>\n","protected":false},"excerpt":{"rendered":"","protected":false},"author":1,"featured_media":0,"parent":0,"menu_order":0,"comment_status":"closed","ping_status":"closed","template":"","meta":[],"_links":{"self":[{"href":"https:\/\/boutique.ideesdecoathome.com\/index.php\/wp-json\/wp\/v2\/pages\/4"}],"collection":[{"href":"https:\/\/boutique.ideesdecoathome.com\/index.php\/wp-json\/wp\/v2\/pages"}],"about":[{"href":"https:\/\/boutique.ideesdecoathome.com\/index.php\/wp-json\/wp\/v2\/types\/page"}],"author":[{"embeddable":true,"href":"https:\/\/boutique.ideesdecoathome.com\/index.php\/wp-json\/wp\/v2\/users\/1"}],"replies":[{"embeddable":true,"href":"https:\/\/boutique.ideesdecoathome.com\/index.php\/wp-json\/wp\/v2\/comments?post=4"}],"version-history":[{"count":81,"href":"https:\/\/boutique.ideesdecoathome.com\/index.php\/wp-json\/wp\/v2\/pages\/4\/revisions"}],"predecessor-version":[{"id":32179,"href":"https:\/\/boutique.ideesdecoathome.com\/index.php\/wp-json\/wp\/v2\/pages\/4\/revisions\/32179"}],"wp:attachment":[{"href":"https:\/\/boutique.ideesdecoathome.com\/index.php\/wp-json\/wp\/v2\/media?parent=4"}],"curies":[{"name":"wp","href":"https:\/\/api.w.org\/{rel}","templated":true}]}}